{"id":3041,"date":"2024-10-24T19:20:16","date_gmt":"2024-10-24T19:20:16","guid":{"rendered":"https:\/\/cca.international\/approach"},"modified":"2026-01-16T12:55:08","modified_gmt":"2026-01-16T12:55:08","slug":"approach","status":"publish","type":"page","link":"https:\/\/cca.international\/de\/approach","title":{"rendered":"Ansatz"},"content":{"rendered":"<p>[et_pb_section fb_built=&#8220;1&#8243; disabled_on=&#8220;off|off|off&#8220; _builder_version=&#8220;4.27.2&#8243; _module_preset=&#8220;default&#8220; background_color=&#8220;RGBA(255,255,255,0)&#8220; background_color_tablet=&#8220;#161616&#8243; background_color_phone=&#8220;#161616&#8243; background_last_edited=&#8220;on|desktop&#8220; background_enable_color_tablet=&#8220;on&#8220; background_enable_color_phone=&#8220;on&#8220; global_colors_info=&#8220;{}&#8220;][et_pb_row _builder_version=&#8220;4.27.2&#8243; _module_preset=&#8220;default&#8220; width_tablet=&#8220;&#8220; width_phone=&#8220;&#8220; width_last_edited=&#8220;on|phone&#8220; max_width=&#8220;95%&#8220; custom_padding=&#8220;39px|||||&#8220; border_color_top_tablet=&#8220;#FAF7F4&#8243; border_color_top_phone=&#8220;#FAF7F4&#8243; border_color_top_last_edited=&#8220;on|tablet&#8220; global_colors_info=&#8220;{}&#8220;][et_pb_column type=&#8220;4_4&#8243; _builder_version=&#8220;4.25.1&#8243; _module_preset=&#8220;default&#8220; global_colors_info=&#8220;{}&#8220;][et_pb_text admin_label=&#8220;Text&#8220; _builder_version=&#8220;4.27.5&#8243; _module_preset=&#8220;default&#8220; text_font=&#8220;Nudica Light||||||||&#8220; text_text_color=&#8220;#3A3A3A&#8220; text_font_size=&#8220;60px&#8220; text_line_height=&#8220;1.2em&#8220; width=&#8220;100%&#8220; width_tablet=&#8220;90%&#8220; width_phone=&#8220;85%&#8220; width_last_edited=&#8220;on|phone&#8220; max_width=&#8220;100%&#8220; max_width_tablet=&#8220;90%&#8220; max_width_phone=&#8220;85%&#8220; max_width_last_edited=&#8220;on|phone&#8220; module_alignment=&#8220;left&#8220; custom_margin=&#8220;|0px||0px|false|false&#8220; custom_margin_tablet=&#8220;||||false|true&#8220; custom_margin_phone=&#8220;45px|0px||0px|false|true&#8220; custom_margin_last_edited=&#8220;on|phone&#8220; custom_padding=&#8220;|0px||0px|false|false&#8220; text_text_color_tablet=&#8220;#FBFBF3&#8243; text_text_color_phone=&#8220;#FAF7F4&#8243; text_text_color_last_edited=&#8220;on|tablet&#8220; text_font_size_tablet=&#8220;50px&#8220; text_font_size_phone=&#8220;50px&#8220; text_font_size_last_edited=&#8220;on|desktop&#8220; locked=&#8220;off&#8220; global_colors_info=&#8220;{}&#8220;]<\/p>\n<p>Ansatz<\/p>\n<p>[\/et_pb_text][\/et_pb_column][\/et_pb_row][et_pb_row column_structure=&#8220;1_2,1_2&#8243; custom_padding_last_edited=&#8220;on|tablet&#8220; _builder_version=&#8220;4.27.2&#8243; _module_preset=&#8220;default&#8220; max_width=&#8220;85%&#8220; custom_margin_tablet=&#8220;&#8220; custom_margin_phone=&#8220;&#8220; custom_margin_last_edited=&#8220;on|phone&#8220; custom_padding_tablet=&#8220;&#8220; custom_padding_phone=&#8220;&#8220; global_colors_info=&#8220;{}&#8220;][et_pb_column type=&#8220;1_2&#8243; _builder_version=&#8220;4.27.2&#8243; _module_preset=&#8220;default&#8220; global_colors_info=&#8220;{}&#8220;][et_pb_text _builder_version=&#8220;4.27.5&#8243; _module_preset=&#8220;default&#8220; header_font=&#8220;&#8211;et_global_body_font|300|||||||&#8220; header_text_color=&#8220;#161616&#8243; header_font_size=&#8220;2em&#8220; header_line_height=&#8220;1.4em&#8220; custom_margin=&#8220;||20px||false|false&#8220; header_text_color_tablet=&#8220;#FBFBF3&#8243; header_text_color_phone=&#8220;#FBFBF3&#8243; header_text_color_last_edited=&#8220;on|tablet&#8220; header_font_size_tablet=&#8220;2em&#8220; header_font_size_phone=&#8220;2em&#8220; header_font_size_last_edited=&#8220;on|desktop&#8220; global_colors_info=&#8220;{}&#8220;]<\/p>\n<h1>Lokal Handeln<\/h1>\n<p>[\/et_pb_text][et_pb_image src=&#8220;https:\/\/cca.international\/wp-content\/uploads\/2024\/10\/ACT-LOCAL.png&#8220; title_text=&#8220;ACT LOCAL_over&#8220; align=&#8220;center&#8220; align_tablet=&#8220;right&#8220; align_phone=&#8220;left&#8220; align_last_edited=&#8220;on|phone&#8220; _builder_version=&#8220;4.27.2&#8243; _module_preset=&#8220;default&#8220; z_index=&#8220;500&#8243; width=&#8220;20%&#8220; width_tablet=&#8220;20%&#8220; width_phone=&#8220;32%&#8220; width_last_edited=&#8220;on|phone&#8220; module_alignment=&#8220;left&#8220; custom_margin=&#8220;-17px|||||&#8220; custom_margin_tablet=&#8220;&#8220; custom_margin_phone=&#8220;&#8220; custom_margin_last_edited=&#8220;on|tablet&#8220; custom_padding=&#8220;||||true|false&#8220; custom_padding_tablet=&#8220;10px||10px||true|false&#8220; custom_padding_phone=&#8220;0px||65px||false|false&#8220; custom_padding_last_edited=&#8220;on|phone&#8220; module_alignment_tablet=&#8220;left&#8220; module_alignment_phone=&#8220;left&#8220; module_alignment_last_edited=&#8220;on|desktop&#8220; global_colors_info=&#8220;{}&#8220; src__hover_enabled=&#8220;on|desktop&#8220; src__hover=&#8220;https:\/\/cca.international\/wp-content\/uploads\/2024\/10\/ACT-LOCAL_over.png&#8220;][\/et_pb_image][\/et_pb_column][et_pb_column type=&#8220;1_2&#8243; _builder_version=&#8220;4.27.2&#8243; _module_preset=&#8220;default&#8220; global_colors_info=&#8220;{}&#8220;][et_pb_text _builder_version=&#8220;4.27.5&#8243; _module_preset=&#8220;default&#8220; text_font=&#8220;&#8211;et_global_body_font||||||||&#8220; text_text_color=&#8220;#161616&#8243; text_font_size=&#8220;1em&#8220; text_line_height=&#8220;1.8em&#8220; hover_enabled=&#8220;0&#8243; text_text_color_tablet=&#8220;#FBFBF3&#8243; text_text_color_phone=&#8220;#FBFBF3&#8243; text_text_color_last_edited=&#8220;on|desktop&#8220; text_line_height_tablet=&#8220;1.8em&#8220; text_line_height_phone=&#8220;1.8em&#8220; text_line_height_last_edited=&#8220;on|desktop&#8220; global_colors_info=&#8220;{}&#8220; sticky_enabled=&#8220;0&#8243;]<\/p>\n<p>\u201eAnwohner*innen, die ihre lokalen Gegebenheiten kennen, sind am besten in der Lage, adaptive L\u00f6sungen zu entwickeln und voranzutreiben.\u201c (Patrick Nunn, University of the Sunshine Coast, 2019)<\/p>\n<p>Der Klimawandel mag ein globales Ph\u00e4nomen sein, aber seine Auswirkungen sind lokal sp\u00fcrbar. Im Zeitalter von Loss and Damages stehen Gemeinschaften vor gro\u00dfen transformativen Herausforderungen. Da keine Stadt der anderen gleicht, gleicht auch keine Herausforderung der anderen. Die M\u00f6glichkeiten und Grenzen der Anpassung sind lokal und kulturell spezifisch. CCA konzentriert sich daher bei allen seinen Dienstleistungen auf lokale Mitgestaltung und die Einbindung betroffener Gruppen.<\/p>\n<p>[\/et_pb_text][\/et_pb_column][\/et_pb_row][et_pb_row column_structure=&#8220;1_2,1_2&#8243; _builder_version=&#8220;4.27.2&#8243; _module_preset=&#8220;default&#8220; max_width=&#8220;85%&#8220; global_colors_info=&#8220;{}&#8220;][et_pb_column type=&#8220;1_2&#8243; _builder_version=&#8220;4.27.2&#8243; _module_preset=&#8220;default&#8220; global_colors_info=&#8220;{}&#8220;][et_pb_text _builder_version=&#8220;4.27.5&#8243; _module_preset=&#8220;default&#8220; header_font=&#8220;&#8211;et_global_body_font|300|||||||&#8220; header_text_color=&#8220;#161616&#8243; header_font_size=&#8220;2em&#8220; header_line_height=&#8220;1.4em&#8220; custom_margin=&#8220;||20px||false|false&#8220; header_text_color_tablet=&#8220;#FBFBF3&#8243; header_text_color_phone=&#8220;#FBFBF3&#8243; header_text_color_last_edited=&#8220;on|tablet&#8220; header_font_size_tablet=&#8220;2em&#8220; header_font_size_phone=&#8220;2em&#8220; header_font_size_last_edited=&#8220;on|desktop&#8220; global_colors_info=&#8220;{}&#8220;]<\/p>\n<h1>Fair anpassen\u00a0<\/h1>\n<p>[\/et_pb_text][et_pb_image src=&#8220;https:\/\/cca.international\/wp-content\/uploads\/2024\/10\/RESOURCES.png&#8220; title_text=&#8220;RESOURCES_over&#8220; align=&#8220;center&#8220; align_tablet=&#8220;right&#8220; align_phone=&#8220;left&#8220; align_last_edited=&#8220;on|phone&#8220; _builder_version=&#8220;4.27.2&#8243; _module_preset=&#8220;default&#8220; z_index=&#8220;500&#8243; width=&#8220;20%&#8220; width_tablet=&#8220;20%&#8220; width_phone=&#8220;32%&#8220; width_last_edited=&#8220;on|phone&#8220; module_alignment=&#8220;left&#8220; custom_margin=&#8220;-17px|||||&#8220; custom_margin_tablet=&#8220;-17px|||||&#8220; custom_margin_phone=&#8220;-17px|||||&#8220; custom_margin_last_edited=&#8220;on|tablet&#8220; custom_padding=&#8220;||||true|false&#8220; custom_padding_tablet=&#8220;10px||10px||true|false&#8220; custom_padding_phone=&#8220;0px||65px||false|false&#8220; custom_padding_last_edited=&#8220;on|phone&#8220; module_alignment_tablet=&#8220;left&#8220; module_alignment_phone=&#8220;left&#8220; module_alignment_last_edited=&#8220;on|desktop&#8220; global_colors_info=&#8220;{}&#8220; src__hover_enabled=&#8220;on|hover&#8220; src__hover=&#8220;https:\/\/cca.international\/wp-content\/uploads\/2024\/10\/RESOURCES_over.png&#8220;][\/et_pb_image][\/et_pb_column][et_pb_column type=&#8220;1_2&#8243; _builder_version=&#8220;4.27.2&#8243; _module_preset=&#8220;default&#8220; global_colors_info=&#8220;{}&#8220;][et_pb_text _builder_version=&#8220;4.27.5&#8243; _module_preset=&#8220;default&#8220; text_text_color=&#8220;#161616&#8243; text_font_size=&#8220;1em&#8220; text_line_height=&#8220;1.8em&#8220; custom_margin=&#8220;||||false|false&#8220; custom_margin_tablet=&#8220;||||false|false&#8220; custom_margin_phone=&#8220;||||false|false&#8220; custom_margin_last_edited=&#8220;on|desktop&#8220; text_text_color_tablet=&#8220;#FBFBF3&#8243; text_text_color_phone=&#8220;#FBFBF3&#8243; text_text_color_last_edited=&#8220;on|desktop&#8220; text_line_height_tablet=&#8220;1.8em&#8220; text_line_height_phone=&#8220;1.8em&#8220; text_line_height_last_edited=&#8220;on|desktop&#8220; global_colors_info=&#8220;{}&#8220;]<\/p>\n<p>\u201eKatastrophen kommen nicht aus der Natur. Sie entstehen durch unsere Entscheidungen, in Gefahrengebieten zu leben und zu bauen oder Menschen zu zwingen, in Gefahrengebieten zu leben, ohne dass sie die politische Macht haben, sich selbst zu sch\u00fctzen. Katastrophen lassen sich vermeiden, wenn sich alle um alle k\u00fcmmern.\u201c (Ana Prados, NASA Health and Air Quality Applied Sciences Team, 2023.)<\/p>\n<p>Stadtverwaltungen k\u00f6nnen die globale Erw\u00e4rmung vielleicht nicht aufhalten, aber sie k\u00f6nnen die Auswirkungen auf ihre B\u00fcrger*innen abmindern. Anpassungsma\u00dfnahmen in St\u00e4dten k\u00f6nnen sich st\u00f6rend auswirken, die Lebensqualit\u00e4t und die soziale Widerstandsf\u00e4higkeit vieler Menschen beeintr\u00e4chtigen, w\u00e4hrend sie den Lebensstandard einiger weniger sichern. Oder sie k\u00f6nnen zum sozialen Zusammenhalt und zum Identit\u00e4tsgef\u00fchl beitragen und so die Lebensqualit\u00e4t aller verbessern. Indem wir das lokale Erbe in Anpassungsprojekten wertsch\u00e4tzen, k\u00f6nnen wir die betroffenen Gemeinschaften handlungsf\u00e4hig machen. CCA nutzt Formate wie Gemeindeversammlungen, Workshops, k\u00fcnstlerische Interventionen und \u00f6ffentliche Veranstaltungen wie Debatten, Ausstellungen, Konzerte oder Stadtrundg\u00e4nge, um B\u00fcrger*innen zusammenzubringen, zu ermutigen und zu schulen, damit sie Handlungsf\u00e4higkeit gegen\u00fcber Transformationsprozessen gewinnen.<\/p>\n<p>[\/et_pb_text][\/et_pb_column][\/et_pb_row][et_pb_row column_structure=&#8220;1_2,1_2&#8243; _builder_version=&#8220;4.27.2&#8243; _module_preset=&#8220;default&#8220; max_width=&#8220;85%&#8220; custom_margin=&#8220;||||true|false&#8220; custom_margin_tablet=&#8220;||||true|false&#8220; custom_margin_phone=&#8220;||||true|false&#8220; custom_margin_last_edited=&#8220;on|desktop&#8220; global_colors_info=&#8220;{}&#8220;][et_pb_column type=&#8220;1_2&#8243; _builder_version=&#8220;4.27.2&#8243; _module_preset=&#8220;default&#8220; global_colors_info=&#8220;{}&#8220;][et_pb_text _builder_version=&#8220;4.27.5&#8243; _module_preset=&#8220;default&#8220; header_font=&#8220;&#8211;et_global_body_font|300|||||||&#8220; header_text_color=&#8220;#161616&#8243; header_font_size=&#8220;2em&#8220; header_line_height=&#8220;1.4em&#8220; custom_margin=&#8220;||20px||false|false&#8220; header_text_color_tablet=&#8220;#FBFBF3&#8243; header_text_color_phone=&#8220;#FBFBF3&#8243; header_text_color_last_edited=&#8220;on|tablet&#8220; header_font_size_tablet=&#8220;2em&#8220; header_font_size_phone=&#8220;2em&#8220; header_font_size_last_edited=&#8220;on|desktop&#8220; global_colors_info=&#8220;{}&#8220;]<\/p>\n<h1><span>Ressourcen nutzen<\/span><\/h1>\n<p>[\/et_pb_text][et_pb_image src=&#8220;https:\/\/cca.international\/wp-content\/uploads\/2024\/10\/ADAPT-FAIR.png&#8220; title_text=&#8220;ADAPT FAIR_over&#8220; align=&#8220;center&#8220; align_tablet=&#8220;right&#8220; align_phone=&#8220;left&#8220; align_last_edited=&#8220;on|phone&#8220; _builder_version=&#8220;4.27.2&#8243; _module_preset=&#8220;default&#8220; z_index=&#8220;500&#8243; width=&#8220;20%&#8220; width_tablet=&#8220;20%&#8220; width_phone=&#8220;32%&#8220; width_last_edited=&#8220;on|phone&#8220; module_alignment=&#8220;left&#8220; custom_margin=&#8220;-17px|||||&#8220; custom_margin_tablet=&#8220;-17px|||||&#8220; custom_margin_phone=&#8220;-17px|||||&#8220; custom_margin_last_edited=&#8220;on|tablet&#8220; custom_padding=&#8220;||||true|false&#8220; custom_padding_tablet=&#8220;10px||10px||true|false&#8220; custom_padding_phone=&#8220;0px||65px||false|false&#8220; custom_padding_last_edited=&#8220;on|phone&#8220; module_alignment_tablet=&#8220;left&#8220; module_alignment_phone=&#8220;left&#8220; module_alignment_last_edited=&#8220;on|desktop&#8220; global_colors_info=&#8220;{}&#8220; src__hover_enabled=&#8220;on|hover&#8220; src__hover=&#8220;https:\/\/cca.international\/wp-content\/uploads\/2024\/10\/ADAPT-FAIR_over.png&#8220;][\/et_pb_image][\/et_pb_column][et_pb_column type=&#8220;1_2&#8243; _builder_version=&#8220;4.27.2&#8243; _module_preset=&#8220;default&#8220; global_colors_info=&#8220;{}&#8220;][et_pb_text _builder_version=&#8220;4.27.5&#8243; _module_preset=&#8220;default&#8220; text_text_color=&#8220;#161616&#8243; text_font_size=&#8220;1em&#8220; text_line_height=&#8220;1.8em&#8220; text_text_color_tablet=&#8220;#FBFBF3&#8243; text_text_color_phone=&#8220;#FBFBF3&#8243; text_text_color_last_edited=&#8220;on|desktop&#8220; text_line_height_tablet=&#8220;1.8em&#8220; text_line_height_phone=&#8220;1.8em&#8220; text_line_height_last_edited=&#8220;on|desktop&#8220; global_colors_info=&#8220;{}&#8220;]<\/p>\n<p>\u201eDie gesellschaftliche Anpassung an das Klima ist nichts Neues. Die Unbest\u00e4ndigkeit des Klimas hat im Laufe der Menschheitsgeschichte als wichtiger Impulsgeber f\u00fcr soziale und technologische Innovationen gewirkt.\u201c (Neil Adger, University of Exeter, 2009)<\/p>\n<p>St\u00f6rungen, Ver\u00e4nderungen, Anpassungen und Transformationen sind Bestandteile des Lebens, unserer Identit\u00e4t und Geschichte. Sie bilden das, was wir gemeinhin als unser kulturelles Erbe bezeichnen. Dieses Erbe des Umgangs mit Katastrophen und Ver\u00e4nderungen ist eine der wertvollsten und am meisten vernachl\u00e4ssigten Ressourcen bei der Anpassung an den Klimawandel. Wenn Anpassungsma\u00dfnahmen nachhaltig sein sollen, m\u00fcssen sie damit beginnen, diese Ressource anzuerkennen und zu interpretieren. Wir bei CCA sind akademisch ausgebildete Kulturwissenschaftler*innen mit langj\u00e4hriger Berufserfahrung im Umgang mit kulturellem Erbe, bereit, unseren Kunden zu helfen, kulturelles Erbe in seinen vielen Formen zu erkennen, zu verstehen und zu nutzen.<\/p>\n<p>[\/et_pb_text][\/et_pb_column][\/et_pb_row][et_pb_row column_structure=&#8220;1_2,1_2&#8243; _builder_version=&#8220;4.27.2&#8243; _module_preset=&#8220;default&#8220; max_width=&#8220;85%&#8220; global_colors_info=&#8220;{}&#8220;][et_pb_column type=&#8220;1_2&#8243; _builder_version=&#8220;4.27.2&#8243; _module_preset=&#8220;default&#8220; global_colors_info=&#8220;{}&#8220;][et_pb_text _builder_version=&#8220;4.27.5&#8243; _module_preset=&#8220;default&#8220; header_font=&#8220;&#8211;et_global_body_font|300|||||||&#8220; header_text_color=&#8220;#161616&#8243; header_font_size=&#8220;2em&#8220; header_line_height=&#8220;1.4em&#8220; custom_margin=&#8220;||20px||false|false&#8220; header_text_color_tablet=&#8220;#FBFBF3&#8243; header_text_color_phone=&#8220;#FBFBF3&#8243; header_text_color_last_edited=&#8220;on|tablet&#8220; header_font_size_tablet=&#8220;2em&#8220; header_font_size_phone=&#8220;2em&#8220; header_font_size_last_edited=&#8220;on|desktop&#8220; global_colors_info=&#8220;{}&#8220;]<\/p>\n<h1><span>Zusammenbringen<\/span><\/h1>\n<p>[\/et_pb_text][et_pb_image src=&#8220;https:\/\/cca.international\/wp-content\/uploads\/2024\/10\/USE-RESOURCES.png&#8220; title_text=&#8220;BRING TOGETHER_over&#8220; align=&#8220;center&#8220; align_tablet=&#8220;right&#8220; align_phone=&#8220;left&#8220; align_last_edited=&#8220;on|phone&#8220; _builder_version=&#8220;4.27.2&#8243; _module_preset=&#8220;default&#8220; z_index=&#8220;500&#8243; width=&#8220;20%&#8220; width_tablet=&#8220;20%&#8220; width_phone=&#8220;32%&#8220; width_last_edited=&#8220;on|phone&#8220; module_alignment=&#8220;left&#8220; custom_margin=&#8220;-17px|||||&#8220; custom_margin_tablet=&#8220;-17px|||||&#8220; custom_margin_phone=&#8220;-17px|||||&#8220; custom_margin_last_edited=&#8220;on|tablet&#8220; custom_padding=&#8220;||||true|false&#8220; custom_padding_tablet=&#8220;10px||10px||true|false&#8220; custom_padding_phone=&#8220;0px||65px||false|false&#8220; custom_padding_last_edited=&#8220;on|phone&#8220; module_alignment_tablet=&#8220;left&#8220; module_alignment_phone=&#8220;left&#8220; module_alignment_last_edited=&#8220;on|desktop&#8220; global_colors_info=&#8220;{}&#8220; src__hover_enabled=&#8220;on|hover&#8220; src__hover=&#8220;https:\/\/cca.international\/wp-content\/uploads\/2024\/10\/BRING-TOGETHER_over.png&#8220;][\/et_pb_image][\/et_pb_column][et_pb_column type=&#8220;1_2&#8243; _builder_version=&#8220;4.27.2&#8243; _module_preset=&#8220;default&#8220; global_colors_info=&#8220;{}&#8220;][et_pb_text _builder_version=&#8220;4.27.5&#8243; _module_preset=&#8220;default&#8220; text_text_color=&#8220;#161616&#8243; text_font_size=&#8220;1em&#8220; text_line_height=&#8220;1.8em&#8220; custom_margin=&#8220;||||false|false&#8220; text_text_color_tablet=&#8220;#FBFBF3&#8243; text_text_color_phone=&#8220;#FBFBF3&#8243; text_text_color_last_edited=&#8220;on|desktop&#8220; text_line_height_tablet=&#8220;1.8em&#8220; text_line_height_phone=&#8220;1.8em&#8220; text_line_height_last_edited=&#8220;on|desktop&#8220; global_colors_info=&#8220;{}&#8220;]<\/p>\n<p>\u201eSolange Klimaschutzma\u00dfnahmen nicht kultursensibel gestaltet sind, k\u00f6nnen sie nicht optimal wirksam sein. Wertvolle kulturelle Ressourcen bleiben ungenutzt und Klimaschutz wird nicht ausreichend als kollektive Aufgabe angesehen.\u201c (Deutsches Klimab\u00fcndnis, 2023)<\/p>\n<p>In unseren Liedern, Br\u00e4uchen, B\u00fcchern und Museen liegt ein riesiger Fundus an \u201eKlimanarrativen\u201c (Amitav Ghosh) \u2013 \u00f6ffentlich zug\u00e4nglich und f\u00fcr alle frei nutzbar und teilbar. Da Kultur jedoch selten als Ressource erkannt wird, bleibt dieser Fundus nach kulturellen, nationalen oder wirtschaftlichen Gesichtspunkten organisiert. Um das volle Potenzial von Kultur zu aktivieren, m\u00fcssen wir \u201eKlimanarrative\u201c \u00fcber berufliche und politische Grenzen hinweg formulieren, verf\u00fcgbar machen und teilen \u2013 insbesondere \u00fcber soziale Grenzen hinweg. Die Entwicklung von Strategien, um diese Grenzen zu \u00fcberwinden, ist f\u00fcr unser zuk\u00fcnftiges Wohlergehen von entscheidender Bedeutung. CCA schafft Zusammenarbeit und Austausch zwischen Nord und S\u00fcd, Wissenschaft und Zivilgesellschaft, insbesondere zwischen Naturwissenschaften, Geisteswissenschaften, Sozialer Arbeit, Ingenieurwesen, Verwaltung, NGOs und kulturellen Einrichtungen wie lokalen Theatern, Museen, Archiven und Schulen.<\/p>\n<p>[\/et_pb_text][\/et_pb_column][\/et_pb_row][\/et_pb_section]<\/p>\n","protected":false},"excerpt":{"rendered":"<p>AnsatzLokal Handeln\u201eAnwohner*innen, die ihre lokalen Gegebenheiten kennen, sind am besten in der Lage, adaptive L\u00f6sungen zu entwickeln und voranzutreiben.\u201c (Patrick Nunn, University of the Sunshine Coast, 2019) Der Klimawandel mag ein globales Ph\u00e4nomen sein, aber seine Auswirkungen sind lokal sp\u00fcrbar. Im Zeitalter von Loss and Damages stehen Gemeinschaften vor gro\u00dfen transformativen Herausforderungen. Da keine Stadt [&hellip;]<\/p>\n","protected":false},"author":1,"featured_media":0,"parent":0,"menu_order":0,"comment_status":"closed","ping_status":"closed","template":"","meta":{"_et_pb_use_builder":"on","_et_pb_old_content":"","_et_gb_content_width":"","inline_featured_image":false,"footnotes":""},"class_list":["post-3041","page","type-page","status-publish","hentry"],"_links":{"self":[{"href":"https:\/\/cca.international\/de\/wp-json\/wp\/v2\/pages\/3041","targetHints":{"allow":["GET"]}}],"collection":[{"href":"https:\/\/cca.international\/de\/wp-json\/wp\/v2\/pages"}],"about":[{"href":"https:\/\/cca.international\/de\/wp-json\/wp\/v2\/types\/page"}],"author":[{"embeddable":true,"href":"https:\/\/cca.international\/de\/wp-json\/wp\/v2\/users\/1"}],"replies":[{"embeddable":true,"href":"https:\/\/cca.international\/de\/wp-json\/wp\/v2\/comments?post=3041"}],"version-history":[{"count":6,"href":"https:\/\/cca.international\/de\/wp-json\/wp\/v2\/pages\/3041\/revisions"}],"predecessor-version":[{"id":3170,"href":"https:\/\/cca.international\/de\/wp-json\/wp\/v2\/pages\/3041\/revisions\/3170"}],"wp:attachment":[{"href":"https:\/\/cca.international\/de\/wp-json\/wp\/v2\/media?parent=3041"}],"curies":[{"name":"wp","href":"https:\/\/api.w.org\/{rel}","templated":true}]}}